{"id":900,"date":"2024-04-10T17:18:54","date_gmt":"2024-04-10T17:18:54","guid":{"rendered":"https:\/\/vcna.com\/?page_id=900"},"modified":"2024-08-23T21:28:24","modified_gmt":"2024-08-23T21:28:24","slug":"the-7-pillars-that-guide-our-2030-sustainability-commitment","status":"publish","type":"page","link":"https:\/\/vcna.com\/fr\/the-7-pillars-that-guide-our-2030-sustainability-commitment\/","title":{"rendered":"The 7 pillars that Guide our 2030 Sustainability Commitments"},"content":{"rendered":"<div data-elementor-type=\"wp-page\" data-elementor-id=\"900\" class=\"elementor elementor-900\" data-elementor-post-type=\"page\">\n\t\t\t\t<div data-particle_enable=\"false\" data-particle-mobile-disabled=\"false\" class=\"elementor-element elementor-element-b22163b e-con-full e-flex e-con e-parent\" data-id=\"b22163b\" data-element_type=\"container\">\n\t\t<div data-particle_enable=\"false\" data-particle-mobile-disabled=\"false\" class=\"elementor-element elementor-element-c79d834 e-con-full e-flex e-con e-child\" data-id=\"c79d834\" data-element_type=\"container\" data-settings=\"{&quot;background_background&quot;:&quot;classic&quot;}\">\n\t\t<div data-particle_enable=\"false\" data-particle-mobile-disabled=\"false\" class=\"elementor-element elementor-element-b34ddf8 e-con-full e-flex e-con e-child\" data-id=\"b34ddf8\" data-element_type=\"container\">\n\t\t\t\t<div class=\"elementor-element elementor-element-98d85bd elementor-widget elementor-widget-heading\" data-id=\"98d85bd\" data-element_type=\"widget\" data-widget_type=\"heading.default\">\n\t\t\t\t<div class=\"elementor-widget-container\">\n\t\t\t\t\t<h2 class=\"elementor-heading-title elementor-size-default\">Nos 7 Piliers<\/h2>\t\t\t\t<\/div>\n\t\t\t\t<\/div>\n\t\t\t\t<\/div>\n\t\t\t\t<\/div>\n\t\t\t\t<\/div>\n\t\t<div data-particle_enable=\"false\" data-particle-mobile-disabled=\"false\" class=\"elementor-element elementor-element-5b49ae0e e-flex e-con-boxed e-con e-parent\" data-id=\"5b49ae0e\" data-element_type=\"container\">\n\t\t\t\t\t<div class=\"e-con-inner\">\n\t\t<div data-particle_enable=\"false\" data-particle-mobile-disabled=\"false\" class=\"elementor-element elementor-element-63e79c89 e-flex e-con-boxed e-con e-child\" data-id=\"63e79c89\" data-element_type=\"container\">\n\t\t\t\t\t<div class=\"e-con-inner\">\n\t\t\t\t<div class=\"elementor-element elementor-element-7ffca137 elementor-widget elementor-widget-heading\" data-id=\"7ffca137\" data-element_type=\"widget\" data-widget_type=\"heading.default\">\n\t\t\t\t<div class=\"elementor-widget-container\">\n\t\t\t\t\t<h2 class=\"elementor-heading-title elementor-size-default\">LES 7 PILIERS QUI GUIDENT NOS ENGAGEMENTS EN MATI\u00c8RE DE DURABILIT\u00c9 POUR 2030 <\/h2>\t\t\t\t<\/div>\n\t\t\t\t<\/div>\n\t\t\t\t<div class=\"elementor-element elementor-element-74f42683 elementor-widget elementor-widget-heading\" data-id=\"74f42683\" data-element_type=\"widget\" data-widget_type=\"heading.default\">\n\t\t\t\t<div class=\"elementor-widget-container\">\n\t\t\t\t\t<h2 class=\"elementor-heading-title elementor-size-default\">En tant que chef de file mondial dans le secteur des mat\u00e9riaux de construction, nous sommes d\u00e9termin\u00e9s \u00e0 cr\u00e9er un avenir meilleur gr\u00e2ce \u00e0 des pratiques durables. Nos engagements en mati\u00e8re de d\u00e9veloppement durable \u00e0 l\u2019horizon 2030 sont align\u00e9s sur les objectifs de d\u00e9veloppement durable des Nations Unies (ONU), qui sont ax\u00e9s sur la s\u00e9curit\u00e9, l\u2019\u00e9thique, l\u2019int\u00e9grit\u00e9 et l\u2019excellence. Ces engagements englobent sept piliers cl\u00e9s :<br><br>\n\n1. Maintenir la s\u00e9curit\u00e9, la sant\u00e9 et le bien-\u00eatre comme valeurs fondamentales<br>\n\n2. Faire preuve d\u2019int\u00e9grit\u00e9 et de transparence<br>\n\n3. Innover et cocr\u00e9er des solutions durables<br>\n\n4. Favoriser un environnement diversifi\u00e9 et inclusif<br>\n\n5. R\u00e9duire notre empreinte environnementale<br>\n\n6. Promouvoir un environnement d\u2019affaires plus circulaire<br>\n\n7. G\u00e9n\u00e9rer des valeurs communes dans nos collectivit\u00e9s\n\n<br><br>\n\nApprenez-en plus sur nos 7 piliers et bien plus dans notre \n\n<a style=\"color:#0000bf;text-decoration:underline\" href=\"https:\/\/www.votorantimcimentos.com\/wp-content\/uploads\/2024\/03\/RA-VC-2023-EN-v11.pdf\" target=\"_blank\" rel=\"noopener\">Rapport int\u00e9gr\u00e9<\/a>.<\/h2>\t\t\t\t<\/div>\n\t\t\t\t<\/div>\n\t\t\t\t\t<\/div>\n\t\t\t\t<\/div>\n\t\t<div data-particle_enable=\"false\" data-particle-mobile-disabled=\"false\" class=\"elementor-element elementor-element-6d838ed e-flex e-con-boxed e-con e-child\" data-id=\"6d838ed\" data-element_type=\"container\">\n\t\t\t\t\t<div class=\"e-con-inner\">\n\t\t\t\t<div class=\"elementor-element elementor-element-475fafc4 elementor-widget elementor-widget-image\" data-id=\"475fafc4\" data-element_type=\"widget\" data-widget_type=\"image.default\">\n\t\t\t\t<div class=\"elementor-widget-container\">\n\t\t\t\t\t\t\t\t\t\t\t\t\t\t\t<img fetchpriority=\"high\" decoding=\"async\" width=\"371\" height=\"408\" src=\"https:\/\/vcna.com\/wp-content\/uploads\/2024\/06\/2030-Commitments-FR.png\" class=\"attachment-full size-full wp-image-902\" alt=\"VCNA 2020 Pillars of Commitment\" srcset=\"https:\/\/vcna.com\/wp-content\/uploads\/2024\/06\/2030-Commitments-FR.png 1082w, https:\/\/vcna.com\/wp-content\/uploads\/2024\/06\/2030-Commitments-FR-300x298.png 300w, https:\/\/vcna.com\/wp-content\/uploads\/2024\/06\/2030-Commitments-FR-1024x1015.png 1024w, https:\/\/vcna.com\/wp-content\/uploads\/2024\/06\/2030-Commitments-FR-150x150.png 150w, https:\/\/vcna.com\/wp-content\/uploads\/2024\/06\/2030-Commitments-FR-768x762.png 768w\" sizes=\"(max-width: 371px) 100vw, 371px\" \/>\t\t\t\t\t\t\t\t\t\t\t\t\t\t\t<\/div>\n\t\t\t\t<\/div>\n\t\t\t\t\t<\/div>\n\t\t\t\t<\/div>\n\t\t\t\t\t<\/div>\n\t\t\t\t<\/div>\n\t\t\t\t<\/div>","protected":false},"excerpt":{"rendered":"<p>Our 7 Pillars The 7 pillars that guide our 2030 Sustainability Commitments As a leading global building materials company, we\u2019re committed to creating a better future through sustainable practices. Our 2030 Sustainability Commitments are aligned with the United Nations (UN) Sustainable Development Goals, focusing on safety, ethics, integrity and excellence. These commitments encompass seven key [&hellip;]<\/p>","protected":false},"author":10,"featured_media":0,"parent":0,"menu_order":0,"comment_status":"closed","ping_status":"closed","template":"elementor_header_footer","meta":{"_acf_changed":false,"footnotes":""},"class_list":["post-900","page","type-page","status-publish","hentry"],"acf":[],"_links":{"self":[{"href":"https:\/\/vcna.com\/fr\/wp-json\/wp\/v2\/pages\/900","targetHints":{"allow":["GET"]}}],"collection":[{"href":"https:\/\/vcna.com\/fr\/wp-json\/wp\/v2\/pages"}],"about":[{"href":"https:\/\/vcna.com\/fr\/wp-json\/wp\/v2\/types\/page"}],"author":[{"embeddable":true,"href":"https:\/\/vcna.com\/fr\/wp-json\/wp\/v2\/users\/10"}],"replies":[{"embeddable":true,"href":"https:\/\/vcna.com\/fr\/wp-json\/wp\/v2\/comments?post=900"}],"version-history":[{"count":0,"href":"https:\/\/vcna.com\/fr\/wp-json\/wp\/v2\/pages\/900\/revisions"}],"wp:attachment":[{"href":"https:\/\/vcna.com\/fr\/wp-json\/wp\/v2\/media?parent=900"}],"curies":[{"name":"wp","href":"https:\/\/api.w.org\/{rel}","templated":true}]}}