{"id":779,"date":"2024-02-26T13:08:09","date_gmt":"2024-02-26T13:08:09","guid":{"rendered":"https:\/\/vcna.com\/?page_id=779"},"modified":"2024-06-28T02:22:19","modified_gmt":"2024-06-28T02:22:19","slug":"prairie-materials","status":"publish","type":"page","link":"https:\/\/vcna.com\/fr\/prairie-materials\/","title":{"rendered":"Prairie Materials"},"content":{"rendered":"<div data-elementor-type=\"wp-page\" data-elementor-id=\"779\" class=\"elementor elementor-779\" data-elementor-post-type=\"page\">\n\t\t\t\t<div data-particle_enable=\"false\" data-particle-mobile-disabled=\"false\" class=\"elementor-element elementor-element-4b451474 e-con-full e-flex e-con e-parent\" data-id=\"4b451474\" data-element_type=\"container\">\n\t\t<div data-particle_enable=\"false\" data-particle-mobile-disabled=\"false\" class=\"elementor-element elementor-element-c47da3d e-con-full e-flex e-con e-child\" data-id=\"c47da3d\" data-element_type=\"container\" data-settings=\"{&quot;background_background&quot;:&quot;classic&quot;}\">\n\t\t<div data-particle_enable=\"false\" data-particle-mobile-disabled=\"false\" class=\"elementor-element elementor-element-ba7d600 e-con-full e-flex e-con e-child\" data-id=\"ba7d600\" data-element_type=\"container\">\n\t\t\t\t<div class=\"elementor-element elementor-element-42da027 elementor-widget elementor-widget-heading\" data-id=\"42da027\" data-element_type=\"widget\" data-widget_type=\"heading.default\">\n\t\t\t\t<div class=\"elementor-widget-container\">\n\t\t\t\t\t<h2 class=\"elementor-heading-title elementor-size-default\">Prairie Materials\n<\/h2>\t\t\t\t<\/div>\n\t\t\t\t<\/div>\n\t\t\t\t<\/div>\n\t\t\t\t<\/div>\n\t\t\t\t<\/div>\n\t\t<div data-particle_enable=\"false\" data-particle-mobile-disabled=\"false\" class=\"elementor-element elementor-element-148b5799 e-flex e-con-boxed e-con e-parent\" data-id=\"148b5799\" data-element_type=\"container\">\n\t\t\t\t\t<div class=\"e-con-inner\">\n\t\t<div data-particle_enable=\"false\" data-particle-mobile-disabled=\"false\" class=\"elementor-element elementor-element-6afe36de e-flex e-con-boxed e-con e-child\" data-id=\"6afe36de\" data-element_type=\"container\">\n\t\t\t\t\t<div class=\"e-con-inner\">\n\t\t\t\t<div class=\"elementor-element elementor-element-151d1f08 elementor-widget elementor-widget-heading\" data-id=\"151d1f08\" data-element_type=\"widget\" data-widget_type=\"heading.default\">\n\t\t\t\t<div class=\"elementor-widget-container\">\n\t\t\t\t\t<h2 class=\"elementor-heading-title elementor-size-default\">Prairie Materials poss\u00e8de et exploite un r\u00e9seau de 40 usines de b\u00e9ton pr\u00eat \u00e0 l\u2019emploi et installations de granulats, transformant ainsi le skyline de Chicago et soutenant des clients dans le centre des \u00c9tats-Unis.\n<\/h2>\t\t\t\t<\/div>\n\t\t\t\t<\/div>\n\t\t\t\t<div class=\"elementor-element elementor-element-e202150 elementor-widget elementor-widget-heading\" data-id=\"e202150\" data-element_type=\"widget\" data-widget_type=\"heading.default\">\n\t\t\t\t<div class=\"elementor-widget-container\">\n\t\t\t\t\t<h2 class=\"elementor-heading-title elementor-size-default\">Les promoteurs, les propri\u00e9taires et les constructeurs comptent sur Prairie pour obtenir un b\u00e9ton qui r\u00e9pond aux sp\u00e9cifications et aux exigences techniques rigoureuses en mati\u00e8re de facilit\u00e9 de mise en place, d\u2019excellentes caract\u00e9ristiques de finition et d\u2019augmentation rapide de la r\u00e9sistance. La vaste s\u00e9lection de granulats de Prairie est disponible pour des projets allant de la construction d\u2019infrastructures et de grands entrep\u00f4ts aux modifications du sol qui augmentent la production agricole\n<\/h2>\t\t\t\t<\/div>\n\t\t\t\t<\/div>\n\t\t\t\t<div class=\"elementor-element elementor-element-cd69a62 elementor-widget elementor-widget-heading\" data-id=\"cd69a62\" data-element_type=\"widget\" data-widget_type=\"heading.default\">\n\t\t\t\t<div class=\"elementor-widget-container\">\n\t\t\t\t\t<h2 class=\"elementor-heading-title elementor-size-default\">Prairie se consacre \u00e0 l\u2019innovation, \u00e0 la qualit\u00e9 des produits et \u00e0 la fiabilit\u00e9 des livraisons afin de faciliter les cycles de construction acc\u00e9l\u00e9r\u00e9s d\u2019aujourd'hui. La promesse de fournir constamment aux clients les meilleurs mat\u00e9riaux et solutions fait partie de l\u2019ADN de Prairie Materials.\n<\/h2>\t\t\t\t<\/div>\n\t\t\t\t<\/div>\n\t\t\t\t<div class=\"elementor-element elementor-element-0c992e8 elementor-align-left elementor-widget elementor-widget-button\" data-id=\"0c992e8\" data-element_type=\"widget\" data-widget_type=\"button.default\">\n\t\t\t\t<div class=\"elementor-widget-container\">\n\t\t\t\t\t\t\t\t\t<div class=\"elementor-button-wrapper\">\n\t\t\t\t\t<a class=\"elementor-button elementor-button-link elementor-size-sm\" href=\"http:\/\/www.prairie.com\/\" target=\"_blank\" rel=\"noopener\">\n\t\t\t\t\t\t<span class=\"elementor-button-content-wrapper\">\n\t\t\t\t\t\t<span class=\"elementor-button-icon\">\n\t\t\t\t<svg xmlns=\"http:\/\/www.w3.org\/2000\/svg\" width=\"16\" height=\"16\" viewbox=\"0 0 16 16\" fill=\"none\"><g clip-path=\"url(#clip0_1370_4379)\"><path d=\"M13.953 10.9334C13.953 10.9309 13.953 10.9283 13.953 10.9258L13.9582 3.00998C13.958 2.9473 13.9511 2.88481 13.9375 2.82361L13.8857 2.64759L13.8339 2.54404L13.777 2.48709C13.7058 2.38378 13.6163 2.2943 13.513 2.22305L13.4612 2.17129L13.3991 2.10917L13.2645 2.06774C13.1888 2.04534 13.1104 2.03314 13.0315 2.03148L5.07429 2.04704C4.5446 2.04493 4.11346 2.47262 4.11135 3.00231C4.11132 3.00486 4.11135 3.00741 4.11135 3.00998C4.12365 3.53375 4.54533 3.95543 5.06912 3.96775L9.79581 3.97292C9.99796 3.97491 10.1603 4.14042 10.1582 4.34259C10.1573 4.43665 10.1202 4.52673 10.0546 4.59417L2.34595 12.3029C1.97135 12.6774 1.9713 13.2847 2.34585 13.6593C2.7204 14.0339 3.32765 14.0339 3.70227 13.6594L3.70236 13.6593L11.4111 5.95059C11.556 5.80967 11.7878 5.8129 11.9287 5.95785C11.9943 6.02529 12.0314 6.11537 12.0323 6.20943L12.0271 10.9258C12.0368 11.4535 12.4623 11.879 12.9901 11.8887C13.5198 11.8908 13.9509 11.4631 13.953 10.9334Z\" fill=\"#E48A33\"><\/path><\/g><defs><clippath id=\"clip0_1370_4379\"><rect width=\"16\" height=\"16\" fill=\"white\"><\/rect><\/clippath><\/defs><\/svg>\t\t\t<\/span>\n\t\t\t\t\t\t\t\t\t<span class=\"elementor-button-text\">Faites-moi visiter Prairie Materials<\/span>\n\t\t\t\t\t<\/span>\n\t\t\t\t\t<\/a>\n\t\t\t\t<\/div>\n\t\t\t\t\t\t\t\t<\/div>\n\t\t\t\t<\/div>\n\t\t\t\t\t<\/div>\n\t\t\t\t<\/div>\n\t\t<div data-particle_enable=\"false\" data-particle-mobile-disabled=\"false\" class=\"elementor-element elementor-element-7c695c77 e-flex e-con-boxed e-con e-child\" data-id=\"7c695c77\" data-element_type=\"container\">\n\t\t\t\t\t<div class=\"e-con-inner\">\n\t\t\t\t<div class=\"elementor-element elementor-element-62c60468 elementor-widget elementor-widget-image\" data-id=\"62c60468\" data-element_type=\"widget\" data-widget_type=\"image.default\">\n\t\t\t\t<div class=\"elementor-widget-container\">\n\t\t\t\t\t\t\t\t\t\t\t\t\t\t\t<img fetchpriority=\"high\" decoding=\"async\" width=\"2560\" height=\"1920\" src=\"https:\/\/vcna.com\/wp-content\/uploads\/2024\/04\/2008_Prairie-scaled.jpg\" class=\"attachment-full size-full wp-image-933\" alt=\"\" srcset=\"https:\/\/vcna.com\/wp-content\/uploads\/2024\/04\/2008_Prairie-scaled.jpg 2560w, https:\/\/vcna.com\/wp-content\/uploads\/2024\/04\/2008_Prairie-300x225.jpg 300w, https:\/\/vcna.com\/wp-content\/uploads\/2024\/04\/2008_Prairie-1024x768.jpg 1024w, https:\/\/vcna.com\/wp-content\/uploads\/2024\/04\/2008_Prairie-768x576.jpg 768w, https:\/\/vcna.com\/wp-content\/uploads\/2024\/04\/2008_Prairie-1536x1152.jpg 1536w, https:\/\/vcna.com\/wp-content\/uploads\/2024\/04\/2008_Prairie-2048x1536.jpg 2048w, https:\/\/vcna.com\/wp-content\/uploads\/2024\/04\/2008_Prairie-1320x990.jpg 1320w\" sizes=\"(max-width: 2560px) 100vw, 2560px\" \/>\t\t\t\t\t\t\t\t\t\t\t\t\t\t\t<\/div>\n\t\t\t\t<\/div>\n\t\t\t\t\t<\/div>\n\t\t\t\t<\/div>\n\t\t\t\t\t<\/div>\n\t\t\t\t<\/div>\n\t\t\t\t<\/div>","protected":false},"excerpt":{"rendered":"<p>Prairie Materials Prairie Materials owns and operates a network of 40 ready-mix concrete plants and aggregate facilities, transforming the Chicago skyline and supporting customers in America\u2019s heartland. Developers, owners and builders count on Prairie for concrete that performs to meet stringent engineering specs and requirements for easy placement, excellent finishing characteristics, and rapid strength gain. [&hellip;]<\/p>","protected":false},"author":1,"featured_media":0,"parent":0,"menu_order":0,"comment_status":"closed","ping_status":"closed","template":"elementor_header_footer","meta":{"_acf_changed":false,"footnotes":""},"class_list":["post-779","page","type-page","status-publish","hentry"],"acf":[],"_links":{"self":[{"href":"https:\/\/vcna.com\/fr\/wp-json\/wp\/v2\/pages\/779","targetHints":{"allow":["GET"]}}],"collection":[{"href":"https:\/\/vcna.com\/fr\/wp-json\/wp\/v2\/pages"}],"about":[{"href":"https:\/\/vcna.com\/fr\/wp-json\/wp\/v2\/types\/page"}],"author":[{"embeddable":true,"href":"https:\/\/vcna.com\/fr\/wp-json\/wp\/v2\/users\/1"}],"replies":[{"embeddable":true,"href":"https:\/\/vcna.com\/fr\/wp-json\/wp\/v2\/comments?post=779"}],"version-history":[{"count":0,"href":"https:\/\/vcna.com\/fr\/wp-json\/wp\/v2\/pages\/779\/revisions"}],"wp:attachment":[{"href":"https:\/\/vcna.com\/fr\/wp-json\/wp\/v2\/media?parent=779"}],"curies":[{"name":"wp","href":"https:\/\/api.w.org\/{rel}","templated":true}]}}