{"id":738,"date":"2024-02-20T14:33:39","date_gmt":"2024-02-20T14:33:39","guid":{"rendered":"https:\/\/vcna.com\/?page_id=738"},"modified":"2024-06-28T01:35:38","modified_gmt":"2024-06-28T01:35:38","slug":"diversity-commitment","status":"publish","type":"page","link":"https:\/\/vcna.com\/fr\/diversity-commitment\/","title":{"rendered":"diversity commitment"},"content":{"rendered":"<div data-elementor-type=\"wp-page\" data-elementor-id=\"738\" class=\"elementor elementor-738\" data-elementor-post-type=\"page\">\n\t\t\t\t<div data-particle_enable=\"false\" data-particle-mobile-disabled=\"false\" class=\"elementor-element elementor-element-5769316a e-con-full e-flex e-con e-parent\" data-id=\"5769316a\" data-element_type=\"container\">\n\t\t<div data-particle_enable=\"false\" data-particle-mobile-disabled=\"false\" class=\"elementor-element elementor-element-52e92884 e-con-full e-flex e-con e-child\" data-id=\"52e92884\" data-element_type=\"container\" data-settings=\"{&quot;background_background&quot;:&quot;classic&quot;}\">\n\t\t<div data-particle_enable=\"false\" data-particle-mobile-disabled=\"false\" class=\"elementor-element elementor-element-6d7cf380 e-con-full e-flex e-con e-child\" data-id=\"6d7cf380\" data-element_type=\"container\">\n\t\t\t\t<div class=\"elementor-element elementor-element-1869dfe7 elementor-widget elementor-widget-heading\" data-id=\"1869dfe7\" data-element_type=\"widget\" data-widget_type=\"heading.default\">\n\t\t\t\t<div class=\"elementor-widget-container\">\n\t\t\t\t\t<h2 class=\"elementor-heading-title elementor-size-default\">Notre engagement en mati\u00e8re de diversit\u00e9<\/h2>\t\t\t\t<\/div>\n\t\t\t\t<\/div>\n\t\t\t\t<\/div>\n\t\t\t\t<\/div>\n\t\t\t\t<\/div>\n\t\t<div data-particle_enable=\"false\" data-particle-mobile-disabled=\"false\" class=\"elementor-element elementor-element-1717d865 e-flex e-con-boxed e-con e-parent\" data-id=\"1717d865\" data-element_type=\"container\" data-settings=\"{&quot;background_background&quot;:&quot;classic&quot;}\">\n\t\t\t\t\t<div class=\"e-con-inner\">\n\t\t<div data-particle_enable=\"false\" data-particle-mobile-disabled=\"false\" class=\"elementor-element elementor-element-bd27bf0 e-flex e-con-boxed e-con e-child\" data-id=\"bd27bf0\" data-element_type=\"container\">\n\t\t\t\t\t<div class=\"e-con-inner\">\n\t\t\t\t<div class=\"elementor-element elementor-element-6a867acd elementor-widget elementor-widget-heading\" data-id=\"6a867acd\" data-element_type=\"widget\" data-widget_type=\"heading.default\">\n\t\t\t\t<div class=\"elementor-widget-container\">\n\t\t\t\t\t<h2 class=\"elementor-heading-title elementor-size-default\">Notre engagement en mati\u00e8re de diversit\u00e9 s\u2019appuie sur 4 piliers:<\/h2>\t\t\t\t<\/div>\n\t\t\t\t<\/div>\n\t\t<div data-particle_enable=\"false\" data-particle-mobile-disabled=\"false\" class=\"elementor-element elementor-element-38c68bc2 e-flex e-con-boxed e-con e-child\" data-id=\"38c68bc2\" data-element_type=\"container\">\n\t\t\t\t\t<div class=\"e-con-inner\">\n\t\t<div data-particle_enable=\"false\" data-particle-mobile-disabled=\"false\" class=\"elementor-element elementor-element-8ccf7d2 e-con-full e-flex e-con e-child\" data-id=\"8ccf7d2\" data-element_type=\"container\">\n\t\t\t\t<div class=\"elementor-element elementor-element-2a44460e elementor-widget elementor-widget-image\" data-id=\"2a44460e\" data-element_type=\"widget\" data-widget_type=\"image.default\">\n\t\t\t\t<div class=\"elementor-widget-container\">\n\t\t\t\t\t\t\t\t\t\t\t\t\t\t\t<img decoding=\"async\" width=\"47\" height=\"47\" src=\"https:\/\/vcna.com\/wp-content\/uploads\/2024\/04\/Fight-Discrimination.svg\" class=\"attachment-full size-full wp-image-947\" alt=\"\" \/>\t\t\t\t\t\t\t\t\t\t\t\t\t\t\t<\/div>\n\t\t\t\t<\/div>\n\t\t\t\t<\/div>\n\t\t<div data-particle_enable=\"false\" data-particle-mobile-disabled=\"false\" class=\"elementor-element elementor-element-79d93286 e-con-full e-flex e-con e-child\" data-id=\"79d93286\" data-element_type=\"container\">\n\t\t\t\t<div class=\"elementor-element elementor-element-28d5680e elementor-widget elementor-widget-heading\" data-id=\"28d5680e\" data-element_type=\"widget\" data-widget_type=\"heading.default\">\n\t\t\t\t<div class=\"elementor-widget-container\">\n\t\t\t\t\t<h2 class=\"elementor-heading-title elementor-size-default\">Combattre la<br>Discrimination<\/h2>\t\t\t\t<\/div>\n\t\t\t\t<\/div>\n\t\t\t\t<\/div>\n\t\t<div data-particle_enable=\"false\" data-particle-mobile-disabled=\"false\" class=\"elementor-element elementor-element-4b19c082 e-con-full e-flex e-con e-child\" data-id=\"4b19c082\" data-element_type=\"container\">\n\t\t\t\t<div class=\"elementor-element elementor-element-1e0c5bfb elementor-widget elementor-widget-heading\" data-id=\"1e0c5bfb\" data-element_type=\"widget\" data-widget_type=\"heading.default\">\n\t\t\t\t<div class=\"elementor-widget-container\">\n\t\t\t\t\t<h2 class=\"elementor-heading-title elementor-size-default\">En fonction de la race, de la religion, de l'\u00e2ge, du genre, de la politique, de la nationalit\u00e9, de l'orientation sexuelle, des handicaps, et plus encore.<\/h2>\t\t\t\t<\/div>\n\t\t\t\t<\/div>\n\t\t\t\t<\/div>\n\t\t\t\t\t<\/div>\n\t\t\t\t<\/div>\n\t\t<div data-particle_enable=\"false\" data-particle-mobile-disabled=\"false\" class=\"elementor-element elementor-element-61f41117 e-flex e-con-boxed e-con e-child\" data-id=\"61f41117\" data-element_type=\"container\">\n\t\t\t\t\t<div class=\"e-con-inner\">\n\t\t<div data-particle_enable=\"false\" data-particle-mobile-disabled=\"false\" class=\"elementor-element elementor-element-39636f90 e-con-full e-flex e-con e-child\" data-id=\"39636f90\" data-element_type=\"container\">\n\t\t\t\t<div class=\"elementor-element elementor-element-15053f54 elementor-widget elementor-widget-image\" data-id=\"15053f54\" data-element_type=\"widget\" data-widget_type=\"image.default\">\n\t\t\t\t<div class=\"elementor-widget-container\">\n\t\t\t\t\t\t\t\t\t\t\t\t\t\t\t<img decoding=\"async\" width=\"47\" height=\"47\" src=\"https:\/\/vcna.com\/wp-content\/uploads\/2024\/04\/Respect-People.svg\" class=\"attachment-full size-full wp-image-945\" alt=\"\" \/>\t\t\t\t\t\t\t\t\t\t\t\t\t\t\t<\/div>\n\t\t\t\t<\/div>\n\t\t\t\t<\/div>\n\t\t<div data-particle_enable=\"false\" data-particle-mobile-disabled=\"false\" class=\"elementor-element elementor-element-70df5278 e-con-full e-flex e-con e-child\" data-id=\"70df5278\" data-element_type=\"container\">\n\t\t\t\t<div class=\"elementor-element elementor-element-39c3b81b elementor-widget elementor-widget-heading\" data-id=\"39c3b81b\" data-element_type=\"widget\" data-widget_type=\"heading.default\">\n\t\t\t\t<div class=\"elementor-widget-container\">\n\t\t\t\t\t<h2 class=\"elementor-heading-title elementor-size-default\">Respecter<br>les personnes<\/h2>\t\t\t\t<\/div>\n\t\t\t\t<\/div>\n\t\t\t\t<\/div>\n\t\t<div data-particle_enable=\"false\" data-particle-mobile-disabled=\"false\" class=\"elementor-element elementor-element-7425a58f e-con-full e-flex e-con e-child\" data-id=\"7425a58f\" data-element_type=\"container\">\n\t\t\t\t<div class=\"elementor-element elementor-element-6d3c3efe elementor-widget elementor-widget-heading\" data-id=\"6d3c3efe\" data-element_type=\"widget\" data-widget_type=\"heading.default\">\n\t\t\t\t<div class=\"elementor-widget-container\">\n\t\t\t\t\t<h2 class=\"elementor-heading-title elementor-size-default\">Nous ne tol\u00e9rons aucune position qui ne soit pas conforme \u00e0 notre Code de conduite.<\/h2>\t\t\t\t<\/div>\n\t\t\t\t<\/div>\n\t\t\t\t<\/div>\n\t\t\t\t\t<\/div>\n\t\t\t\t<\/div>\n\t\t<div data-particle_enable=\"false\" data-particle-mobile-disabled=\"false\" class=\"elementor-element elementor-element-c15c107 e-flex e-con-boxed e-con e-child\" data-id=\"c15c107\" data-element_type=\"container\">\n\t\t\t\t\t<div class=\"e-con-inner\">\n\t\t<div data-particle_enable=\"false\" data-particle-mobile-disabled=\"false\" class=\"elementor-element elementor-element-3a2e0f0c e-con-full e-flex e-con e-child\" data-id=\"3a2e0f0c\" data-element_type=\"container\">\n\t\t\t\t<div class=\"elementor-element elementor-element-7a330f92 elementor-widget elementor-widget-image\" data-id=\"7a330f92\" data-element_type=\"widget\" data-widget_type=\"image.default\">\n\t\t\t\t<div class=\"elementor-widget-container\">\n\t\t\t\t\t\t\t\t\t\t\t\t\t\t\t<img decoding=\"async\" width=\"47\" height=\"47\" src=\"https:\/\/vcna.com\/wp-content\/uploads\/2024\/04\/Create-Leaders.svg\" class=\"attachment-full size-full wp-image-946\" alt=\"\" \/>\t\t\t\t\t\t\t\t\t\t\t\t\t\t\t<\/div>\n\t\t\t\t<\/div>\n\t\t\t\t<\/div>\n\t\t<div data-particle_enable=\"false\" data-particle-mobile-disabled=\"false\" class=\"elementor-element elementor-element-5e1d817f e-con-full e-flex e-con e-child\" data-id=\"5e1d817f\" data-element_type=\"container\">\n\t\t\t\t<div class=\"elementor-element elementor-element-ee3ef9e elementor-widget elementor-widget-heading\" data-id=\"ee3ef9e\" data-element_type=\"widget\" data-widget_type=\"heading.default\">\n\t\t\t\t<div class=\"elementor-widget-container\">\n\t\t\t\t\t<h2 class=\"elementor-heading-title elementor-size-default\">Cr\u00e9er des<br>Leaders<\/h2>\t\t\t\t<\/div>\n\t\t\t\t<\/div>\n\t\t\t\t<\/div>\n\t\t<div data-particle_enable=\"false\" data-particle-mobile-disabled=\"false\" class=\"elementor-element elementor-element-22e5ee73 e-con-full e-flex e-con e-child\" data-id=\"22e5ee73\" data-element_type=\"container\">\n\t\t\t\t<div class=\"elementor-element elementor-element-73ac2add elementor-widget elementor-widget-heading\" data-id=\"73ac2add\" data-element_type=\"widget\" data-widget_type=\"heading.default\">\n\t\t\t\t<div class=\"elementor-widget-container\">\n\t\t\t\t\t<h2 class=\"elementor-heading-title elementor-size-default\">Nos leaders sont engag\u00e9s dans le programme de diversit\u00e9 et les diff\u00e9rences de valeur constituent un avantage concurrentiel.<\/h2>\t\t\t\t<\/div>\n\t\t\t\t<\/div>\n\t\t\t\t<\/div>\n\t\t\t\t\t<\/div>\n\t\t\t\t<\/div>\n\t\t<div data-particle_enable=\"false\" data-particle-mobile-disabled=\"false\" class=\"elementor-element elementor-element-5b90b7f1 e-flex e-con-boxed e-con e-child\" data-id=\"5b90b7f1\" data-element_type=\"container\">\n\t\t\t\t\t<div class=\"e-con-inner\">\n\t\t<div data-particle_enable=\"false\" data-particle-mobile-disabled=\"false\" class=\"elementor-element elementor-element-e9e145f e-con-full e-flex e-con e-child\" data-id=\"e9e145f\" data-element_type=\"container\">\n\t\t\t\t<div class=\"elementor-element elementor-element-66d60842 elementor-widget elementor-widget-image\" data-id=\"66d60842\" data-element_type=\"widget\" data-widget_type=\"image.default\">\n\t\t\t\t<div class=\"elementor-widget-container\">\n\t\t\t\t\t\t\t\t\t\t\t\t\t\t\t<img loading=\"lazy\" decoding=\"async\" width=\"47\" height=\"47\" src=\"https:\/\/vcna.com\/wp-content\/uploads\/2024\/04\/Foster-a-Safe-Enviornment.svg\" class=\"attachment-full size-full wp-image-948\" alt=\"\" \/>\t\t\t\t\t\t\t\t\t\t\t\t\t\t\t<\/div>\n\t\t\t\t<\/div>\n\t\t\t\t<\/div>\n\t\t<div data-particle_enable=\"false\" data-particle-mobile-disabled=\"false\" class=\"elementor-element elementor-element-2eef8ed1 e-con-full e-flex e-con e-child\" data-id=\"2eef8ed1\" data-element_type=\"container\">\n\t\t\t\t<div class=\"elementor-element elementor-element-31c1644e elementor-widget elementor-widget-heading\" data-id=\"31c1644e\" data-element_type=\"widget\" data-widget_type=\"heading.default\">\n\t\t\t\t<div class=\"elementor-widget-container\">\n\t\t\t\t\t<h2 class=\"elementor-heading-title elementor-size-default\">Favoriser un<br>environnement s\u00e9curitaire<\/h2>\t\t\t\t<\/div>\n\t\t\t\t<\/div>\n\t\t\t\t<\/div>\n\t\t<div data-particle_enable=\"false\" data-particle-mobile-disabled=\"false\" class=\"elementor-element elementor-element-4e5ec36 e-con-full e-flex e-con e-child\" data-id=\"4e5ec36\" data-element_type=\"container\">\n\t\t\t\t<div class=\"elementor-element elementor-element-4ef3dbd9 elementor-widget elementor-widget-heading\" data-id=\"4ef3dbd9\" data-element_type=\"widget\" data-widget_type=\"heading.default\">\n\t\t\t\t<div class=\"elementor-widget-container\">\n\t\t\t\t\t<h2 class=\"elementor-heading-title elementor-size-default\">Nous maintenons un environnement o\u00f9 nous nous sentons tous \u00e0 l'aise de nous exprimer.<\/h2>\t\t\t\t<\/div>\n\t\t\t\t<\/div>\n\t\t\t\t<\/div>\n\t\t\t\t\t<\/div>\n\t\t\t\t<\/div>\n\t\t\t\t\t<\/div>\n\t\t\t\t<\/div>\n\t\t\t\t\t<\/div>\n\t\t\t\t<\/div>\n\t\t\t\t<\/div>","protected":false},"excerpt":{"rendered":"<p>Our Diversity Commitment Our commitment to diversity is supported by 4 pillars: FightDiscrimination Based on race, religion, age, gender, politics, nationality, sexual orientation, disability, and more. Respectpeople We do not tolerate any position that is not in accordance with our Code of Conduct. CreateLeaders Our leaders are engaged in the diversity agenda and value differences [&hellip;]<\/p>","protected":false},"author":4,"featured_media":0,"parent":0,"menu_order":0,"comment_status":"closed","ping_status":"closed","template":"elementor_header_footer","meta":{"_acf_changed":false,"footnotes":""},"class_list":["post-738","page","type-page","status-publish","hentry"],"acf":[],"_links":{"self":[{"href":"https:\/\/vcna.com\/fr\/wp-json\/wp\/v2\/pages\/738","targetHints":{"allow":["GET"]}}],"collection":[{"href":"https:\/\/vcna.com\/fr\/wp-json\/wp\/v2\/pages"}],"about":[{"href":"https:\/\/vcna.com\/fr\/wp-json\/wp\/v2\/types\/page"}],"author":[{"embeddable":true,"href":"https:\/\/vcna.com\/fr\/wp-json\/wp\/v2\/users\/4"}],"replies":[{"embeddable":true,"href":"https:\/\/vcna.com\/fr\/wp-json\/wp\/v2\/comments?post=738"}],"version-history":[{"count":0,"href":"https:\/\/vcna.com\/fr\/wp-json\/wp\/v2\/pages\/738\/revisions"}],"wp:attachment":[{"href":"https:\/\/vcna.com\/fr\/wp-json\/wp\/v2\/media?parent=738"}],"curies":[{"name":"wp","href":"https:\/\/api.w.org\/{rel}","templated":true}]}}