{"id":734,"date":"2024-02-20T14:28:14","date_gmt":"2024-02-20T14:28:14","guid":{"rendered":"https:\/\/vcna.com\/?page_id=734"},"modified":"2024-06-25T21:23:09","modified_gmt":"2024-06-25T21:23:09","slug":"diversity-initiatives","status":"publish","type":"page","link":"https:\/\/vcna.com\/fr\/diversity-initiatives\/","title":{"rendered":"diversity initiatives"},"content":{"rendered":"<div data-elementor-type=\"wp-page\" data-elementor-id=\"734\" class=\"elementor elementor-734\" data-elementor-post-type=\"page\">\n\t\t\t\t<div data-particle_enable=\"false\" data-particle-mobile-disabled=\"false\" class=\"elementor-element elementor-element-4b4f350 e-con-full e-flex e-con e-parent\" data-id=\"4b4f350\" data-element_type=\"container\">\n\t\t<div data-particle_enable=\"false\" data-particle-mobile-disabled=\"false\" class=\"elementor-element elementor-element-14cac5f e-con-full e-flex e-con e-child\" data-id=\"14cac5f\" data-element_type=\"container\" data-settings=\"{&quot;background_background&quot;:&quot;classic&quot;}\">\n\t\t<div data-particle_enable=\"false\" data-particle-mobile-disabled=\"false\" class=\"elementor-element elementor-element-a067aff e-con-full e-flex e-con e-child\" data-id=\"a067aff\" data-element_type=\"container\">\n\t\t\t\t<div class=\"elementor-element elementor-element-e968bab elementor-widget elementor-widget-heading\" data-id=\"e968bab\" data-element_type=\"widget\" data-widget_type=\"heading.default\">\n\t\t\t\t<div class=\"elementor-widget-container\">\n\t\t\t\t\t<h2 class=\"elementor-heading-title elementor-size-default\">Nos initiatives en mati\u00e8re de diversit\u00e9<\/h2>\t\t\t\t<\/div>\n\t\t\t\t<\/div>\n\t\t\t\t<\/div>\n\t\t\t\t<\/div>\n\t\t\t\t<\/div>\n\t\t<div data-particle_enable=\"false\" data-particle-mobile-disabled=\"false\" class=\"elementor-element elementor-element-4720105e e-flex e-con-boxed e-con e-parent\" data-id=\"4720105e\" data-element_type=\"container\">\n\t\t\t\t\t<div class=\"e-con-inner\">\n\t\t<div data-particle_enable=\"false\" data-particle-mobile-disabled=\"false\" class=\"elementor-element elementor-element-67355b02 e-flex e-con-boxed e-con e-child\" data-id=\"67355b02\" data-element_type=\"container\">\n\t\t\t\t\t<div class=\"e-con-inner\">\n\t\t\t\t<div class=\"elementor-element elementor-element-574b9649 elementor-widget elementor-widget-heading\" data-id=\"574b9649\" data-element_type=\"widget\" data-widget_type=\"heading.default\">\n\t\t\t\t<div class=\"elementor-widget-container\">\n\t\t\t\t\t<h2 class=\"elementor-heading-title elementor-size-default\">Nos nombreux partenariats en mati\u00e8re de diversit\u00e9 nous aident \u00e0 atteindre nos objectifs. Nous participons \u00e0 des initiatives externes afin d\u2019obtenir une meilleure perspective des domaines d\u2019int\u00e9r\u00eat et, \u00e0 l\u2019interne, nous continuons de travailler \u00e0 des activit\u00e9s qui favorisent la diversit\u00e9. Nous croyons que cette approche \u00e9largit nos perspectives du monde, cr\u00e9ant \u00e0 la fois de nouvelles voies et de nouvelles possibilit\u00e9s.<br><br>\n\nEn 2022, nous avons accru la diversit\u00e9 des genres parmi nos employ\u00e9s, am\u00e9lior\u00e9 notre taux d\u2019inclusion des personnes handicap\u00e9es et augment\u00e9 le nombre de femmes occupant des postes de direction.<\/h2>\t\t\t\t<\/div>\n\t\t\t\t<\/div>\n\t\t\t\t\t<\/div>\n\t\t\t\t<\/div>\n\t\t<div data-particle_enable=\"false\" data-particle-mobile-disabled=\"false\" class=\"elementor-element elementor-element-3606f413 e-flex e-con-boxed e-con e-child\" data-id=\"3606f413\" data-element_type=\"container\" data-settings=\"{&quot;background_background&quot;:&quot;classic&quot;}\">\n\t\t\t\t\t<div class=\"e-con-inner\">\n\t\t\t\t<div class=\"elementor-element elementor-element-f5944ec elementor-widget elementor-widget-image\" data-id=\"f5944ec\" data-element_type=\"widget\" data-widget_type=\"image.default\">\n\t\t\t\t<div class=\"elementor-widget-container\">\n\t\t\t\t\t\t\t\t\t\t\t\t\t\t\t<img fetchpriority=\"high\" decoding=\"async\" width=\"2560\" height=\"1783\" src=\"https:\/\/vcna.com\/wp-content\/uploads\/2024\/02\/Diversity-min11-scaled.jpg\" class=\"attachment-full size-full wp-image-765\" alt=\"VCNA diversity initiatives\" srcset=\"https:\/\/vcna.com\/wp-content\/uploads\/2024\/02\/Diversity-min11-scaled.jpg 2560w, https:\/\/vcna.com\/wp-content\/uploads\/2024\/02\/Diversity-min11-300x209.jpg 300w, https:\/\/vcna.com\/wp-content\/uploads\/2024\/02\/Diversity-min11-1024x713.jpg 1024w, https:\/\/vcna.com\/wp-content\/uploads\/2024\/02\/Diversity-min11-768x535.jpg 768w, https:\/\/vcna.com\/wp-content\/uploads\/2024\/02\/Diversity-min11-1536x1070.jpg 1536w, https:\/\/vcna.com\/wp-content\/uploads\/2024\/02\/Diversity-min11-2048x1426.jpg 2048w, https:\/\/vcna.com\/wp-content\/uploads\/2024\/02\/Diversity-min11-1320x919.jpg 1320w\" sizes=\"(max-width: 2560px) 100vw, 2560px\" \/>\t\t\t\t\t\t\t\t\t\t\t\t\t\t\t<\/div>\n\t\t\t\t<\/div>\n\t\t\t\t\t<\/div>\n\t\t\t\t<\/div>\n\t\t\t\t\t<\/div>\n\t\t\t\t<\/div>\n\t\t\t\t<\/div>","protected":false},"excerpt":{"rendered":"<p>Our Diversity Initiatives Our numerous diversity partnerships help us achieve our goals. We participate in external initiatives to gain a better perspective of areas of focus, and internally, we continue to work on activities that promote diversity. We believe this approach broadens our perspectives of the world, creating both new paths and new possibilities. In [&hellip;]<\/p>","protected":false},"author":4,"featured_media":0,"parent":0,"menu_order":0,"comment_status":"closed","ping_status":"closed","template":"elementor_header_footer","meta":{"_acf_changed":false,"footnotes":""},"class_list":["post-734","page","type-page","status-publish","hentry"],"acf":[],"_links":{"self":[{"href":"https:\/\/vcna.com\/fr\/wp-json\/wp\/v2\/pages\/734","targetHints":{"allow":["GET"]}}],"collection":[{"href":"https:\/\/vcna.com\/fr\/wp-json\/wp\/v2\/pages"}],"about":[{"href":"https:\/\/vcna.com\/fr\/wp-json\/wp\/v2\/types\/page"}],"author":[{"embeddable":true,"href":"https:\/\/vcna.com\/fr\/wp-json\/wp\/v2\/users\/4"}],"replies":[{"embeddable":true,"href":"https:\/\/vcna.com\/fr\/wp-json\/wp\/v2\/comments?post=734"}],"version-history":[{"count":0,"href":"https:\/\/vcna.com\/fr\/wp-json\/wp\/v2\/pages\/734\/revisions"}],"wp:attachment":[{"href":"https:\/\/vcna.com\/fr\/wp-json\/wp\/v2\/media?parent=734"}],"curies":[{"name":"wp","href":"https:\/\/api.w.org\/{rel}","templated":true}]}}