{"id":510,"date":"2024-01-22T14:24:35","date_gmt":"2024-01-22T14:24:35","guid":{"rendered":"https:\/\/vcna.com\/?page_id=510"},"modified":"2024-06-25T20:58:36","modified_gmt":"2024-06-25T20:58:36","slug":"congratulations-prairie-and-united-materials","status":"publish","type":"page","link":"https:\/\/vcna.com\/fr\/congratulations-prairie-and-united-materials\/","title":{"rendered":"F\u00e9licitations, Prairie et United Materials"},"content":{"rendered":"<div data-elementor-type=\"wp-page\" data-elementor-id=\"510\" class=\"elementor elementor-510\" data-elementor-post-type=\"page\">\n\t\t\t\t<div data-particle_enable=\"false\" data-particle-mobile-disabled=\"false\" class=\"elementor-element elementor-element-2ca681f9 e-con-full e-flex e-con e-parent\" data-id=\"2ca681f9\" data-element_type=\"container\">\n\t\t<div data-particle_enable=\"false\" data-particle-mobile-disabled=\"false\" class=\"elementor-element elementor-element-f459421 e-con-full e-flex e-con e-child\" data-id=\"f459421\" data-element_type=\"container\" data-settings=\"{&quot;background_background&quot;:&quot;classic&quot;}\">\n\t\t<div data-particle_enable=\"false\" data-particle-mobile-disabled=\"false\" class=\"elementor-element elementor-element-0300c0e e-con-full e-flex e-con e-child\" data-id=\"0300c0e\" data-element_type=\"container\">\n\t\t\t\t<div class=\"elementor-element elementor-element-5903915 elementor-widget elementor-widget-heading\" data-id=\"5903915\" data-element_type=\"widget\" data-widget_type=\"heading.default\">\n\t\t\t\t<div class=\"elementor-widget-container\">\n\t\t\t\t\t<h2 class=\"elementor-heading-title elementor-size-default\">F\u00e9licitations, Prairie et United Materials<\/h2>\t\t\t\t<\/div>\n\t\t\t\t<\/div>\n\t\t\t\t<\/div>\n\t\t\t\t<\/div>\n\t\t\t\t<\/div>\n\t\t<div data-particle_enable=\"false\" data-particle-mobile-disabled=\"false\" class=\"elementor-element elementor-element-4671d279 e-flex e-con-boxed e-con e-parent\" data-id=\"4671d279\" data-element_type=\"container\">\n\t\t\t\t\t<div class=\"e-con-inner\">\n\t\t<div data-particle_enable=\"false\" data-particle-mobile-disabled=\"false\" class=\"elementor-element elementor-element-7be2775a e-flex e-con-boxed e-con e-child\" data-id=\"7be2775a\" data-element_type=\"container\">\n\t\t\t\t\t<div class=\"e-con-inner\">\n\t\t\t\t<div class=\"elementor-element elementor-element-2fee403d elementor-widget elementor-widget-heading\" data-id=\"2fee403d\" data-element_type=\"widget\" data-widget_type=\"heading.default\">\n\t\t\t\t<div class=\"elementor-widget-container\">\n\t\t\t\t\t<h2 class=\"elementor-heading-title elementor-size-default\">Deux des divisions b\u00e9ton de VCNA, Prairie et United Materials, ont r\u00e9cemment \u00e9t\u00e9 r\u00e9compens\u00e9es pour leurs efforts en mati\u00e8re de d\u00e9veloppement durable en proposant des produits en b\u00e9ton \u00e0 faible teneur en carbone. Prairie a remport\u00e9 la premi\u00e8re place de l'American Concrete Institute pour les tours d'habitation de la Salesforce Tower \u00e0 Chicago, premi\u00e8re tour de bureaux \u00e0 r\u00e9duire de 19 % ses \u00e9missions de carbone. De plus, Prairie et United ont toutes deux re\u00e7u des prix d\u2019excellence en environnement et Prairie a re\u00e7u un prix d\u2019excellence du producteur.<\/h2>\t\t\t\t<\/div>\n\t\t\t\t<\/div>\n\t\t\t\t\t<\/div>\n\t\t\t\t<\/div>\n\t\t<div data-particle_enable=\"false\" data-particle-mobile-disabled=\"false\" class=\"elementor-element elementor-element-7729af37 e-flex e-con-boxed e-con e-child\" data-id=\"7729af37\" data-element_type=\"container\">\n\t\t\t\t\t<div class=\"e-con-inner\">\n\t\t\t\t<div class=\"elementor-element elementor-element-1fbcdca8 elementor-widget elementor-widget-image\" data-id=\"1fbcdca8\" data-element_type=\"widget\" data-widget_type=\"image.default\">\n\t\t\t\t<div class=\"elementor-widget-container\">\n\t\t\t\t\t\t\t\t\t\t\t\t\t\t\t<img fetchpriority=\"high\" decoding=\"async\" width=\"940\" height=\"788\" src=\"https:\/\/vcna.com\/wp-content\/uploads\/2024\/02\/3-Award.jpg\" class=\"attachment-full size-full wp-image-730\" alt=\"VCNA plants trees for a more sustainable future.\" srcset=\"https:\/\/vcna.com\/wp-content\/uploads\/2024\/02\/3-Award.jpg 940w, https:\/\/vcna.com\/wp-content\/uploads\/2024\/02\/3-Award-300x251.jpg 300w, https:\/\/vcna.com\/wp-content\/uploads\/2024\/02\/3-Award-768x644.jpg 768w\" sizes=\"(max-width: 940px) 100vw, 940px\" \/>\t\t\t\t\t\t\t\t\t\t\t\t\t\t\t<\/div>\n\t\t\t\t<\/div>\n\t\t\t\t\t<\/div>\n\t\t\t\t<\/div>\n\t\t\t\t\t<\/div>\n\t\t\t\t<\/div>\n\t\t<div data-particle_enable=\"false\" data-particle-mobile-disabled=\"false\" class=\"elementor-element elementor-element-ce9020c e-flex e-con-boxed e-con e-parent\" data-id=\"ce9020c\" data-element_type=\"container\">\n\t\t\t\t\t<div class=\"e-con-inner\">\n\t\t\t\t\t<\/div>\n\t\t\t\t<\/div>\n\t\t\t\t<\/div>","protected":false},"excerpt":{"rendered":"<p>Congratulations, Prairie and United Materials Two of VCNA&#8217;s Concrete Divisions, Prairie and United Materials were recently awarded for their sustainability efforts by offering lower-carbon concrete products. Prairie took home the American Concrete Institute&#8217;s first place for high-rise structures for Salesforce Tower in Chicago, the first office tower to achieve a 19% reduction in carbon emissions. [&hellip;]<\/p>","protected":false},"author":4,"featured_media":0,"parent":0,"menu_order":0,"comment_status":"closed","ping_status":"closed","template":"elementor_header_footer","meta":{"_acf_changed":false,"footnotes":""},"class_list":["post-510","page","type-page","status-publish","hentry"],"acf":[],"_links":{"self":[{"href":"https:\/\/vcna.com\/fr\/wp-json\/wp\/v2\/pages\/510","targetHints":{"allow":["GET"]}}],"collection":[{"href":"https:\/\/vcna.com\/fr\/wp-json\/wp\/v2\/pages"}],"about":[{"href":"https:\/\/vcna.com\/fr\/wp-json\/wp\/v2\/types\/page"}],"author":[{"embeddable":true,"href":"https:\/\/vcna.com\/fr\/wp-json\/wp\/v2\/users\/4"}],"replies":[{"embeddable":true,"href":"https:\/\/vcna.com\/fr\/wp-json\/wp\/v2\/comments?post=510"}],"version-history":[{"count":0,"href":"https:\/\/vcna.com\/fr\/wp-json\/wp\/v2\/pages\/510\/revisions"}],"wp:attachment":[{"href":"https:\/\/vcna.com\/fr\/wp-json\/wp\/v2\/media?parent=510"}],"curies":[{"name":"wp","href":"https:\/\/api.w.org\/{rel}","templated":true}]}}