{"id":468,"date":"2024-01-18T18:41:54","date_gmt":"2024-01-18T18:41:54","guid":{"rendered":"https:\/\/vcna.com\/?page_id=468"},"modified":"2024-06-25T20:30:44","modified_gmt":"2024-06-25T20:30:44","slug":"advancing-energy-conservation","status":"publish","type":"page","link":"https:\/\/vcna.com\/fr\/advancing-energy-conservation\/","title":{"rendered":"Promouvoir la conservation de l'\u00e9nergie"},"content":{"rendered":"<div data-elementor-type=\"wp-page\" data-elementor-id=\"468\" class=\"elementor elementor-468\" data-elementor-post-type=\"page\">\n\t\t\t\t<div data-particle_enable=\"false\" data-particle-mobile-disabled=\"false\" class=\"elementor-element elementor-element-65a4cc3b e-con-full e-flex e-con e-parent\" data-id=\"65a4cc3b\" data-element_type=\"container\">\n\t\t<div data-particle_enable=\"false\" data-particle-mobile-disabled=\"false\" class=\"elementor-element elementor-element-27aebb7 e-con-full e-flex e-con e-child\" data-id=\"27aebb7\" data-element_type=\"container\" data-settings=\"{&quot;background_background&quot;:&quot;classic&quot;}\">\n\t\t<div data-particle_enable=\"false\" data-particle-mobile-disabled=\"false\" class=\"elementor-element elementor-element-a73e8e3 e-con-full e-flex e-con e-child\" data-id=\"a73e8e3\" data-element_type=\"container\">\n\t\t\t\t<div class=\"elementor-element elementor-element-60b8d9c elementor-widget elementor-widget-heading\" data-id=\"60b8d9c\" data-element_type=\"widget\" data-widget_type=\"heading.default\">\n\t\t\t\t<div class=\"elementor-widget-container\">\n\t\t\t\t\t<h2 class=\"elementor-heading-title elementor-size-default\">Promouvoir la conservation de l'\u00e9nergie<\/h2>\t\t\t\t<\/div>\n\t\t\t\t<\/div>\n\t\t\t\t<\/div>\n\t\t\t\t<\/div>\n\t\t\t\t<\/div>\n\t\t<div data-particle_enable=\"false\" data-particle-mobile-disabled=\"false\" class=\"elementor-element elementor-element-51a2bdf6 e-flex e-con-boxed e-con e-parent\" data-id=\"51a2bdf6\" data-element_type=\"container\">\n\t\t\t\t\t<div class=\"e-con-inner\">\n\t\t<div data-particle_enable=\"false\" data-particle-mobile-disabled=\"false\" class=\"elementor-element elementor-element-75e6320b e-flex e-con-boxed e-con e-child\" data-id=\"75e6320b\" data-element_type=\"container\">\n\t\t\t\t\t<div class=\"e-con-inner\">\n\t\t\t\t<div class=\"elementor-element elementor-element-4be46560 elementor-widget elementor-widget-heading\" data-id=\"4be46560\" data-element_type=\"widget\" data-widget_type=\"heading.default\">\n\t\t\t\t<div class=\"elementor-widget-container\">\n\t\t\t\t\t<h2 class=\"elementor-heading-title elementor-size-default\">L'efficacit\u00e9 \u00e9nerg\u00e9tique et la conservation de l'\u00e9nergie sont des piliers cl\u00e9s de notre feuille de route en mati\u00e8re de d\u00e9carbonisation. Nos installations disposent d\u2019\u00e9quipes pluridisciplinaires actives dans le domaine de l\u2019\u00e9nergie afin de promouvoir et de faire progresser les initiatives de sensibilisation \u00e0 la conservation de l\u2019\u00e9nergie. Ces processus d\u2019am\u00e9lioration continue s\u2019appuient sur des audits \u00e9nerg\u00e9tiques, des audits de processus, des formations et l\u2019implication des employ\u00e9s pour conna\u00eetre leur propre r\u00f4le dans la conservation de l\u2019\u00e9nergie ainsi que l\u2019engagement de VCNA \u00e0 \u00e9conomiser l\u2019\u00e9nergie dans ses activit\u00e9s quotidiennes.<\/h2>\t\t\t\t<\/div>\n\t\t\t\t<\/div>\n\t\t\t\t\t<\/div>\n\t\t\t\t<\/div>\n\t\t<div data-particle_enable=\"false\" data-particle-mobile-disabled=\"false\" class=\"elementor-element elementor-element-50c4de59 e-flex e-con-boxed e-con e-child\" data-id=\"50c4de59\" data-element_type=\"container\">\n\t\t\t\t\t<div class=\"e-con-inner\">\n\t\t\t\t<div class=\"elementor-element elementor-element-5a579943 elementor-widget elementor-widget-image\" data-id=\"5a579943\" data-element_type=\"widget\" data-widget_type=\"image.default\">\n\t\t\t\t<div class=\"elementor-widget-container\">\n\t\t\t\t\t\t\t\t\t\t\t\t\t\t\t<img fetchpriority=\"high\" decoding=\"async\" width=\"2048\" height=\"1578\" src=\"https:\/\/vcna.com\/wp-content\/uploads\/2024\/02\/1-Energy-into-action.jpg\" class=\"attachment-full size-full wp-image-727\" alt=\"VCNA&#039;s employees\" srcset=\"https:\/\/vcna.com\/wp-content\/uploads\/2024\/02\/1-Energy-into-action.jpg 2048w, https:\/\/vcna.com\/wp-content\/uploads\/2024\/02\/1-Energy-into-action-300x231.jpg 300w, https:\/\/vcna.com\/wp-content\/uploads\/2024\/02\/1-Energy-into-action-1024x789.jpg 1024w, https:\/\/vcna.com\/wp-content\/uploads\/2024\/02\/1-Energy-into-action-768x592.jpg 768w, https:\/\/vcna.com\/wp-content\/uploads\/2024\/02\/1-Energy-into-action-1536x1184.jpg 1536w, https:\/\/vcna.com\/wp-content\/uploads\/2024\/02\/1-Energy-into-action-1320x1017.jpg 1320w\" sizes=\"(max-width: 2048px) 100vw, 2048px\" \/>\t\t\t\t\t\t\t\t\t\t\t\t\t\t\t<\/div>\n\t\t\t\t<\/div>\n\t\t\t\t\t<\/div>\n\t\t\t\t<\/div>\n\t\t\t\t\t<\/div>\n\t\t\t\t<\/div>\n\t\t<div data-particle_enable=\"false\" data-particle-mobile-disabled=\"false\" class=\"elementor-element elementor-element-4f65eb7 e-flex e-con-boxed e-con e-parent\" data-id=\"4f65eb7\" data-element_type=\"container\">\n\t\t\t\t\t<div class=\"e-con-inner\">\n\t\t<div data-particle_enable=\"false\" data-particle-mobile-disabled=\"false\" class=\"elementor-element elementor-element-3d88ac60 e-flex e-con-boxed e-con e-child\" data-id=\"3d88ac60\" data-element_type=\"container\" data-settings=\"{&quot;background_background&quot;:&quot;classic&quot;}\">\n\t\t\t\t\t<div class=\"e-con-inner\">\n\t\t\t\t<div class=\"elementor-element elementor-element-7d5f9713 elementor-widget elementor-widget-heading\" data-id=\"7d5f9713\" data-element_type=\"widget\" data-widget_type=\"heading.default\">\n\t\t\t\t<div class=\"elementor-widget-container\">\n\t\t\t\t\t<h2 class=\"elementor-heading-title elementor-size-default\">REGARDEZ CETTE VID\u00c9O<\/h2>\t\t\t\t<\/div>\n\t\t\t\t<\/div>\n\t\t\t\t<div class=\"elementor-element elementor-element-9ab991a elementor-widget elementor-widget-heading\" data-id=\"9ab991a\" data-element_type=\"widget\" data-widget_type=\"heading.default\">\n\t\t\t\t<div class=\"elementor-widget-container\">\n\t\t\t\t\t<h2 class=\"elementor-heading-title elementor-size-default\">Ciment St Marys met en valeur ses projets d\u2019efficacit\u00e9 \u00e9nerg\u00e9tique.<\/h2>\t\t\t\t<\/div>\n\t\t\t\t<\/div>\n\t\t\t\t<div class=\"elementor-element elementor-element-23af721 elementor-align-center elementor-widget elementor-widget-button\" data-id=\"23af721\" data-element_type=\"widget\" data-widget_type=\"button.default\">\n\t\t\t\t<div class=\"elementor-widget-container\">\n\t\t\t\t\t\t\t\t\t<div class=\"elementor-button-wrapper\">\n\t\t\t\t\t<a class=\"elementor-button elementor-button-link elementor-size-sm\" href=\"https:\/\/www.linkedin.com\/feed\/update\/urn:li:activity:7125532547429629953\/?actorCompanyId=959996\" target=\"_blank\" rel=\"noopener\">\n\t\t\t\t\t\t<span class=\"elementor-button-content-wrapper\">\n\t\t\t\t\t\t<span class=\"elementor-button-icon\">\n\t\t\t\t<svg xmlns=\"http:\/\/www.w3.org\/2000\/svg\" width=\"14\" height=\"14\" viewbox=\"0 0 14 14\" fill=\"none\"><path d=\"M1 13L13 1.00003M13 1.00003H5M13 1.00003V9.00003\" stroke=\"#96E637\" stroke-width=\"2\" stroke-linecap=\"round\" stroke-linejoin=\"round\"><\/path><\/svg>\t\t\t<\/span>\n\t\t\t\t\t\t\t\t\t<span class=\"elementor-button-text\">En savoir plus<\/span>\n\t\t\t\t\t<\/span>\n\t\t\t\t\t<\/a>\n\t\t\t\t<\/div>\n\t\t\t\t\t\t\t\t<\/div>\n\t\t\t\t<\/div>\n\t\t\t\t\t<\/div>\n\t\t\t\t<\/div>\n\t\t\t\t\t<\/div>\n\t\t\t\t<\/div>\n\t\t\t\t<\/div>","protected":false},"excerpt":{"rendered":"<p>Advancing energy conservation Energy efficiency and conservation are key pillars in our decarbonization roadmap. Our facilities have active multi-disciplinary energy teams to promote and advance Energy Conservation Awareness initiatives. These continuous improvement processes use energy audits, process audits, training and employee involvement to learn about their own roles in energy conservation as well as VCNA\u2019s [&hellip;]<\/p>","protected":false},"author":4,"featured_media":0,"parent":0,"menu_order":0,"comment_status":"closed","ping_status":"closed","template":"elementor_header_footer","meta":{"_acf_changed":false,"footnotes":""},"class_list":["post-468","page","type-page","status-publish","hentry"],"acf":[],"_links":{"self":[{"href":"https:\/\/vcna.com\/fr\/wp-json\/wp\/v2\/pages\/468","targetHints":{"allow":["GET"]}}],"collection":[{"href":"https:\/\/vcna.com\/fr\/wp-json\/wp\/v2\/pages"}],"about":[{"href":"https:\/\/vcna.com\/fr\/wp-json\/wp\/v2\/types\/page"}],"author":[{"embeddable":true,"href":"https:\/\/vcna.com\/fr\/wp-json\/wp\/v2\/users\/4"}],"replies":[{"embeddable":true,"href":"https:\/\/vcna.com\/fr\/wp-json\/wp\/v2\/comments?post=468"}],"version-history":[{"count":0,"href":"https:\/\/vcna.com\/fr\/wp-json\/wp\/v2\/pages\/468\/revisions"}],"wp:attachment":[{"href":"https:\/\/vcna.com\/fr\/wp-json\/wp\/v2\/media?parent=468"}],"curies":[{"name":"wp","href":"https:\/\/api.w.org\/{rel}","templated":true}]}}